{"id":1846,"date":"2025-10-30T20:30:30","date_gmt":"2025-10-30T19:30:30","guid":{"rendered":"https:\/\/www.club-subaquatique-evian.fr\/boutique\/?post_type=product&#038;p=1846"},"modified":"2025-10-30T20:54:26","modified_gmt":"2025-10-30T19:54:26","slug":"cotisation-1-2-tarif-septembre","status":"publish","type":"product","link":"https:\/\/www.club-subaquatique-evian.fr\/boutique\/boutique\/cotisation-1-2-tarif-septembre\/","title":{"rendered":"Cotisation 1\/2 tarif"},"content":{"rendered":"<p><strong>La cotisation est la participation \u00e0 la vie du club<\/strong><\/p>\n<p>Cette cotisation peut \u00eatre r\u00e9gl\u00e9e pour :<\/p>\n<ul>\n<li>les adh\u00e9sions \u00e0 partir de septembre<\/li>\n<\/ul>\n","protected":false},"excerpt":{"rendered":"<p><strong>La cotisation est la participation \u00e0 la vie du club<\/strong><\/p>\n<p>Cette cotisation peut \u00eatre r\u00e9gl\u00e9e pour :<\/p>\n<ul>\n<li>les adh\u00e9sions au CSE par les conjoints (merci de pr\u00e9ciser le nom du conjoint adh\u00e9rent).<\/li>\n<li>les adh\u00e9sions \u00e0 partir de septembre<\/li>\n<\/ul>\n","protected":false},"featured_media":1698,"comment_status":"closed","ping_status":"closed","template":"","meta":[],"_links":{"self":[{"href":"https:\/\/www.club-subaquatique-evian.fr\/boutique\/wp-json\/wp\/v2\/product\/1846"}],"collection":[{"href":"https:\/\/www.club-subaquatique-evian.fr\/boutique\/wp-json\/wp\/v2\/product"}],"about":[{"href":"https:\/\/www.club-subaquatique-evian.fr\/boutique\/wp-json\/wp\/v2\/types\/product"}],"replies":[{"embeddable":true,"href":"https:\/\/www.club-subaquatique-evian.fr\/boutique\/wp-json\/wp\/v2\/comments?post=1846"}],"wp:featuredmedia":[{"embeddable":true,"href":"https:\/\/www.club-subaquatique-evian.fr\/boutique\/wp-json\/wp\/v2\/media\/1698"}],"wp:attachment":[{"href":"https:\/\/www.club-subaquatique-evian.fr\/boutique\/wp-json\/wp\/v2\/media?parent=1846"}],"curies":[{"name":"wp","href":"https:\/\/api.w.org\/{rel}","templated":true}]}}